{"id":413,"date":"2011-04-20T06:10:18","date_gmt":"2011-04-20T06:10:18","guid":{"rendered":"http:\/\/www.comunaamarastiidejos.ro\/?page_id=413"},"modified":"2015-08-06T10:01:39","modified_gmt":"2015-08-06T08:01:39","slug":"licitatii","status":"publish","type":"page","link":"https:\/\/comunaamarastiidejos.ro\/?page_id=413","title":{"rendered":"Licitatii"},"content":{"rendered":"<p>A N U N T<\/p>\n<p> La sediul Prim\u0103riei Comunei Amarastii de Jos , situat \u00een strada Principala , nr. 1000 , judetul Dolj , va avea loc licita\u0163ia public\u0103 deschis\u0103 \u00een vederea atribuirii prin concesiune pe o durata de 49  ani a unui teren intravilan cu suprafata de  5 ha , situat \u00een zona fostului C.A.P. VICTORIA , apar\u0163in\u00e2nd domeniului privat al Comunei Amarastii de Jos  \u00een vederea construirii unui depozit de cereale, conform Hotararii Consiliului Local Amarastii de Jos  nr.11 \/ 23.03.2015 ;<br \/>\nDocumentatia de atribuire se poate obtine de la sediul Primariei comunei Amarastii de Jos , judetul Dolj ;<br \/>\nCostul documentatiei de atribuire in suma de 50 lei si garantia de participare la licitatie in suma de 150 lei se achita la casieria Primariei comunei Amarastii de Jos ;<br \/>\nData limita de solicitare a clarificarilor : 07.08.2015 ;<br \/>\nData limita de depunere a ofertelor : 14.08.2015 , ora 12 ;<br \/>\nAdresa la care trebuie depuse ofertele : Primaria comunei Amarastii de Jos ;<br \/>\nNumarul de exemplare in care trebuie depusa fiecare oferta :   1 original si 2 copii ;<br \/>\nData si ora la care se va desfasura sedinta publica de deschidere a ofertelor : 26.08.2015 , ora 10 ;<br \/>\nAlte informatii la telefon 0251374020  sau la sediul Primariei comunei Amarastii de Jos , judetul Dolj .<\/p>\n<p>PRIMAR ,<br \/>\nIng.DINU ION<\/p>\n","protected":false},"excerpt":{"rendered":"<p>A N U N T La sediul Prim\u0103riei Comunei Amarastii de Jos , situat \u00een strada Principala , nr. 1000 , judetul Dolj , va avea loc licita\u0163ia public\u0103 deschis\u0103 \u00een vederea atribuirii prin concesiune pe o durata de 49 ani a unui teren intravilan cu suprafata de 5 ha , situat \u00een zona fostului &hellip; <a href=\"https:\/\/comunaamarastiidejos.ro\/?page_id=413\" class=\"more-link\">Continu\u0103 lectura <span class=\"screen-reader-text\">Licitatii<\/span> <span class=\"meta-nav\">&rarr;<\/span><\/a><\/p>\n","protected":false},"author":2,"featured_media":0,"parent":411,"menu_order":0,"comment_status":"closed","ping_status":"closed","template":"","meta":{"footnotes":""},"class_list":["post-413","page","type-page","status-publish","hentry"],"_links":{"self":[{"href":"https:\/\/comunaamarastiidejos.ro\/index.php?rest_route=\/wp\/v2\/pages\/413","targetHints":{"allow":["GET"]}}],"collection":[{"href":"https:\/\/comunaamarastiidejos.ro\/index.php?rest_route=\/wp\/v2\/pages"}],"about":[{"href":"https:\/\/comunaamarastiidejos.ro\/index.php?rest_route=\/wp\/v2\/types\/page"}],"author":[{"embeddable":true,"href":"https:\/\/comunaamarastiidejos.ro\/index.php?rest_route=\/wp\/v2\/users\/2"}],"replies":[{"embeddable":true,"href":"https:\/\/comunaamarastiidejos.ro\/index.php?rest_route=%2Fwp%2Fv2%2Fcomments&post=413"}],"version-history":[{"count":3,"href":"https:\/\/comunaamarastiidejos.ro\/index.php?rest_route=\/wp\/v2\/pages\/413\/revisions"}],"predecessor-version":[{"id":678,"href":"https:\/\/comunaamarastiidejos.ro\/index.php?rest_route=\/wp\/v2\/pages\/413\/revisions\/678"}],"up":[{"embeddable":true,"href":"https:\/\/comunaamarastiidejos.ro\/index.php?rest_route=\/wp\/v2\/pages\/411"}],"wp:attachment":[{"href":"https:\/\/comunaamarastiidejos.ro\/index.php?rest_route=%2Fwp%2Fv2%2Fmedia&parent=413"}],"curies":[{"name":"wp","href":"https:\/\/api.w.org\/{rel}","templated":true}]}}