{"id":38,"date":"2011-04-06T16:02:06","date_gmt":"2011-04-06T16:02:06","guid":{"rendered":"http:\/\/www.comunaamarastiidejos.ro\/?page_id=38"},"modified":"2011-04-06T17:49:49","modified_gmt":"2011-04-06T17:49:49","slug":"economie","status":"publish","type":"page","link":"https:\/\/comunaamarastiidejos.ro\/?page_id=38","title":{"rendered":"Economie"},"content":{"rendered":"<p>Agricultur\u0103 (produc\u0163ie vegetal\u0103, legume)<br \/>\nMor\u0103rit \u015fi panifica\u0163ie<\/p>\n","protected":false},"excerpt":{"rendered":"<p>Agricultur\u0103 (produc\u0163ie vegetal\u0103, legume) Mor\u0103rit \u015fi panifica\u0163ie<\/p>\n","protected":false},"author":2,"featured_media":0,"parent":264,"menu_order":0,"comment_status":"closed","ping_status":"closed","template":"","meta":{"footnotes":""},"class_list":["post-38","page","type-page","status-publish","hentry"],"_links":{"self":[{"href":"https:\/\/comunaamarastiidejos.ro\/index.php?rest_route=\/wp\/v2\/pages\/38","targetHints":{"allow":["GET"]}}],"collection":[{"href":"https:\/\/comunaamarastiidejos.ro\/index.php?rest_route=\/wp\/v2\/pages"}],"about":[{"href":"https:\/\/comunaamarastiidejos.ro\/index.php?rest_route=\/wp\/v2\/types\/page"}],"author":[{"embeddable":true,"href":"https:\/\/comunaamarastiidejos.ro\/index.php?rest_route=\/wp\/v2\/users\/2"}],"replies":[{"embeddable":true,"href":"https:\/\/comunaamarastiidejos.ro\/index.php?rest_route=%2Fwp%2Fv2%2Fcomments&post=38"}],"version-history":[{"count":6,"href":"https:\/\/comunaamarastiidejos.ro\/index.php?rest_route=\/wp\/v2\/pages\/38\/revisions"}],"predecessor-version":[{"id":299,"href":"https:\/\/comunaamarastiidejos.ro\/index.php?rest_route=\/wp\/v2\/pages\/38\/revisions\/299"}],"up":[{"embeddable":true,"href":"https:\/\/comunaamarastiidejos.ro\/index.php?rest_route=\/wp\/v2\/pages\/264"}],"wp:attachment":[{"href":"https:\/\/comunaamarastiidejos.ro\/index.php?rest_route=%2Fwp%2Fv2%2Fmedia&parent=38"}],"curies":[{"name":"wp","href":"https:\/\/api.w.org\/{rel}","templated":true}]}}